{"id":19,"date":"2019-08-17T09:36:34","date_gmt":"2019-08-17T07:36:34","guid":{"rendered":"http:\/\/psytravail-nantes.fr\/?page_id=19"},"modified":"2024-08-28T11:53:57","modified_gmt":"2024-08-28T09:53:57","slug":"contact","status":"publish","type":"page","link":"https:\/\/psytravail-nantes.fr\/?page_id=19","title":{"rendered":"Contact"},"content":{"rendered":"<h3 class=\"p1\"><span class=\"s1\">Je vous re\u00e7ois \u00e0\u00a0<strong>l\u2019Espace KIN\u2019ESTRATO<\/strong><\/span><\/h3>\n<p class=\"p1\"><span class=\"s1\">148 route de St Joseph, 44300 Nantes<\/span><\/p>\n<p class=\"p1\"><span class=\"s1\">Acc\u00e8s : Bus C6, \u00a0et 23 arr\u00eat Eraudi\u00e8re<\/span><\/p>\n<p>07.69.65.84.70<\/p>\n<p>valerievuillaume@psytravail-nantes.fr<\/p>\n<p><a style=\"display: block; text-align: center; background-color: #0596de; color: #ffffff; font-size: 14px; overflow: hidden; width: 257px; height: 100px; border-bottom-right-radius: none; border-bottom-left-radius: none; position: fixed; bottom: 0; right: 5px; z-index: 1000; border-top-left-radius: 4px; border-top-right-radius: 4px; line-height: 40px;\" href=\"https:\/\/www.doctolib.fr\/psychologue\/nantes\/valerie-vuillaume?utm_medium=referral&amp;utm_campaign=website-button&amp;utm_content=option-5&amp;utm_term=valerie-vuillaume&amp;utm_source=valerie-vuillaume-website-button\" target=\"_blank\" rel=\"noopener noreferrer\" data-reactroot=\"\"><span style=\"font-size: 18px;\">Prendre rendez-vous en ligne<\/span><img decoding=\"async\" style=\"height: 28px; margin-bottom: 3px; vertical-align: middle; width: auto;\" src=\"https:\/\/pro.doctolib.fr\/external_button\/doctolib-white-transparent.png\" alt=\"Doctolib\" \/><\/a><\/p>\n<p>Tarif : 60\u20ac la consultation de 45 minutes, 50 \u20ac pour les demandeurs d\u2019emploi et \u00e9tudiants (possibilit\u00e9 de payer par CB)<\/p>\n<p>La profession \u00e9tant r\u00e9glement\u00e9e et \u00e9tant inscrite aupr\u00e8s de l\u2019ARS\u00a0 RPPS n\u00b0 10009480210 (anciennement n\u00b0 ADELI 449320688) la consultation peut \u00eatre prise en charge par certaines mutuelles.<\/p>\n","protected":false},"excerpt":{"rendered":"<p>Je vous re\u00e7ois \u00e0\u00a0l\u2019Espace KIN\u2019ESTRATO 148 route de St Joseph, 44300 Nantes Acc\u00e8s : Bus C6, \u00a0et 23 arr\u00eat Eraudi\u00e8re 07.69.65.84.70 valerievuillaume@psytravail-nantes.fr Prendre rendez-vous en ligne Tarif : 60\u20ac la consultation de 45 minutes, 50 \u20ac pour les demandeurs d\u2019emploi et \u00e9tudiants (possibilit\u00e9 de payer par CB) La profession \u00e9tant r\u00e9glement\u00e9e et \u00e9tant inscrite aupr\u00e8s &hellip; <a href=\"https:\/\/psytravail-nantes.fr\/?page_id=19\" class=\"more-link\">Continuer la lecture de <span class=\"screen-reader-text\">Contact<\/span> <span class=\"meta-nav\">&rarr;<\/span><\/a><\/p>\n","protected":false},"author":1,"featured_media":0,"parent":0,"menu_order":0,"comment_status":"closed","ping_status":"closed","template":"","meta":{"footnotes":""},"class_list":["post-19","page","type-page","status-publish","hentry"],"_links":{"self":[{"href":"https:\/\/psytravail-nantes.fr\/index.php?rest_route=\/wp\/v2\/pages\/19"}],"collection":[{"href":"https:\/\/psytravail-nantes.fr\/index.php?rest_route=\/wp\/v2\/pages"}],"about":[{"href":"https:\/\/psytravail-nantes.fr\/index.php?rest_route=\/wp\/v2\/types\/page"}],"author":[{"embeddable":true,"href":"https:\/\/psytravail-nantes.fr\/index.php?rest_route=\/wp\/v2\/users\/1"}],"replies":[{"embeddable":true,"href":"https:\/\/psytravail-nantes.fr\/index.php?rest_route=%2Fwp%2Fv2%2Fcomments&post=19"}],"version-history":[{"count":20,"href":"https:\/\/psytravail-nantes.fr\/index.php?rest_route=\/wp\/v2\/pages\/19\/revisions"}],"predecessor-version":[{"id":177,"href":"https:\/\/psytravail-nantes.fr\/index.php?rest_route=\/wp\/v2\/pages\/19\/revisions\/177"}],"wp:attachment":[{"href":"https:\/\/psytravail-nantes.fr\/index.php?rest_route=%2Fwp%2Fv2%2Fmedia&parent=19"}],"curies":[{"name":"wp","href":"https:\/\/api.w.org\/{rel}","templated":true}]}}