{"id":17,"date":"2019-08-17T09:36:34","date_gmt":"2019-08-17T07:36:34","guid":{"rendered":"http:\/\/psytravail-nantes.fr\/?page_id=17"},"modified":"2025-08-21T11:12:44","modified_gmt":"2025-08-21T09:12:44","slug":"accueil","status":"publish","type":"page","link":"https:\/\/psytravail-nantes.fr\/","title":{"rendered":"Val\u00e9rie VUILLAUME"},"content":{"rendered":"\n<h2 class=\"wp-block-heading\">Psychologue du travail <\/h2>\n\n\n\n<p><\/p>\n\n\n\n<p>(Master 2, dipl\u00f4me enregistr\u00e9 aupr\u00e8s de l\u2019Agence R\u00e9gionale de Sant\u00e9, n\u00b0RPPS 10009480210)<\/p>\n\n\n\n<p><strong>Form\u00e9e aux th\u00e9rapies br\u00e8ves<\/strong>&nbsp;:<\/p>\n\n\n\n<ul class=\"wp-block-list\">\n<li>Hypnose ericksonnienne, th\u00e9rapie orient\u00e9e solution, th\u00e9rapie strat\u00e9gique (Arepta-Imh\u00e9na, Institut Milton Erickson)<\/li>\n\n\n\n<li>Syst\u00e9mie (Forsyfa)<\/li>\n\n\n\n<li>PNL (Hexafor)<\/li>\n<\/ul>\n\n\n\n<p><strong>Mes ressources pour vous accompagner :<\/strong><\/p>\n\n\n\n<ul class=\"wp-block-list\">\n<li>Une formation en psychologie du travail qui apporte un regard sur les enjeux du travail et ses r\u00e9percussions sur l\u2019individu.<\/li>\n\n\n\n<li>Des formations en th\u00e9rapies br\u00e8ves qui permettent une approche centr\u00e9e sur les solutions, respectueuse de l\u2019individu et sur mesure puisqu\u2019il en est l\u2019acteur.<\/li>\n\n\n\n<li>Des ann\u00e9es d\u2019exp\u00e9rience dans l\u2019accompagnement associ\u00e9es \u00e0 un int\u00e9r\u00eat sans cesse renouvel\u00e9 pour l\u2019individu.<\/li>\n\n\n\n<li>Une ouverture sur le monde du travail gr\u00e2ce \u00e0 des exp\u00e9riences diverses dans de petites, moyennes ou grandes entreprises, dans le public comme le priv\u00e9.<\/li>\n<\/ul>\n\n\n\n<p><strong>Mes convictions :<\/strong><\/p>\n\n\n\n<ul class=\"wp-block-list\">\n<li>Nous avons tous des ressources nous permettant de d\u00e9m\u00ealer des situations difficiles mais selon les contextes et les enjeux, elles ne nous apparaissent pas.<\/li>\n\n\n\n<li>Nous avons tous, dans certaines circonstances, des freins qui nous emp\u00eachent de nous mettre en mouvement, et, parfois, un \u00ab&nbsp;simple&nbsp;\u00bb changement de point de vue peut changer la donne.<\/li>\n<\/ul>\n\n\n\n<p><strong>Ce que je vous propose :<\/strong><\/p>\n\n\n\n<ul class=\"wp-block-list\">\n<li>D\u00e9m\u00ealer les fils pour y voir plus clair<\/li>\n\n\n\n<li>Trouver en vous ou construire les ressources dont vous avez besoin<\/li>\n\n\n\n<li>Vous accompagner dans l\u2019\u00e9laboration de vos propres solutions<\/li>\n<\/ul>\n\n\n\n<p><\/p>\n\n\n\n<p><strong>Une autre sp\u00e9cialit\u00e9 depuis 2 ans : le psychotraumatisme <\/strong><\/p>\n\n\n\n<p>Form\u00e9e au niveau 3 de la <strong>th\u00e9rapie LI-ICV<\/strong>, je peux vous accompagner si vous souffrez de stress post-traumatique qu\u2019il soit la cons\u00e9quence d\u2019un \u00e9v\u00e8nement \u00ab\u00a0unique\u00a0\u00bb ou d\u2019\u00e9v\u00e8nements r\u00e9currents ou encore d\u2019ins\u00e9curit\u00e9 intervenue dans la petite enfance. Selon les cas, la prise en charge peut-\u00eatre rapide ou plus longue car n\u00e9cessitant une th\u00e9rapie.<\/p>\n\n\n\n<p>Pour plus d&rsquo;informations sur la th\u00e9rapie LI-ICV,  n\u2019h\u00e9sitez pas \u00e0 consulter le site <\/p>\n\n\n\n<p>https:\/\/www.li-france.com\/presentation-de-li-icv<\/p>\n\n\n\n<p><\/p>\n","protected":false},"excerpt":{"rendered":"<p>Psychologue du travail (Master 2, dipl\u00f4me enregistr\u00e9 aupr\u00e8s de l\u2019Agence R\u00e9gionale de Sant\u00e9, n\u00b0RPPS 10009480210) Form\u00e9e aux th\u00e9rapies br\u00e8ves&nbsp;: Mes ressources pour vous accompagner : Mes convictions : Ce que je vous propose : Une autre sp\u00e9cialit\u00e9 depuis 2 ans : le psychotraumatisme Form\u00e9e au niveau 3 de la th\u00e9rapie LI-ICV, je peux vous accompagner &hellip; <a href=\"https:\/\/psytravail-nantes.fr\/\" class=\"more-link\">Continuer la lecture de <span class=\"screen-reader-text\">Val\u00e9rie VUILLAUME<\/span> <span class=\"meta-nav\">&rarr;<\/span><\/a><\/p>\n","protected":false},"author":1,"featured_media":0,"parent":0,"menu_order":0,"comment_status":"closed","ping_status":"closed","template":"","meta":{"footnotes":""},"class_list":["post-17","page","type-page","status-publish","hentry"],"_links":{"self":[{"href":"https:\/\/psytravail-nantes.fr\/index.php?rest_route=\/wp\/v2\/pages\/17"}],"collection":[{"href":"https:\/\/psytravail-nantes.fr\/index.php?rest_route=\/wp\/v2\/pages"}],"about":[{"href":"https:\/\/psytravail-nantes.fr\/index.php?rest_route=\/wp\/v2\/types\/page"}],"author":[{"embeddable":true,"href":"https:\/\/psytravail-nantes.fr\/index.php?rest_route=\/wp\/v2\/users\/1"}],"replies":[{"embeddable":true,"href":"https:\/\/psytravail-nantes.fr\/index.php?rest_route=%2Fwp%2Fv2%2Fcomments&post=17"}],"version-history":[{"count":17,"href":"https:\/\/psytravail-nantes.fr\/index.php?rest_route=\/wp\/v2\/pages\/17\/revisions"}],"predecessor-version":[{"id":187,"href":"https:\/\/psytravail-nantes.fr\/index.php?rest_route=\/wp\/v2\/pages\/17\/revisions\/187"}],"wp:attachment":[{"href":"https:\/\/psytravail-nantes.fr\/index.php?rest_route=%2Fwp%2Fv2%2Fmedia&parent=17"}],"curies":[{"name":"wp","href":"https:\/\/api.w.org\/{rel}","templated":true}]}}